{"id":907,"date":"2017-06-10T08:21:56","date_gmt":"2017-06-10T08:21:56","guid":{"rendered":"http:\/\/xtratheme.combuilding\/?page_id=4"},"modified":"2023-11-13T08:49:08","modified_gmt":"2023-11-13T08:49:08","slug":"home","status":"publish","type":"page","link":"https:\/\/coasthotel.dz\/","title":{"rendered":"Accueil"},"content":{"rendered":"<div class=\"wpb-content-wrapper\"><p>[vc_row full_width=\u00a0\u00bbstretch_row_content_no_spaces\u00a0\u00bb][vc_column]<div class=\"relative\"><div id=\"cz_41587\" class=\"cz_sep2 cz_sep2_26 cz_sep_bottom\"><svg preserveAspectRatio=\"none\" xmlns=\"http:\/\/www.w3.org\/2000\/svg\" width=\"100%\"  viewBox=\"0 0 1600 252\">\n\t\t\t\t\t\t\t<path style=\"fill:rgba(255,255,255,0.2)\" d=\"M-77.98,285.381H2081.98C2106,277.616,1036.5-302.5-77.98,285.381Z\"\/>\n\t\t\t\t\t\t\t<path style=\"fill:rgba(255,255,255,0.35)\" d=\"M-108,8s64-36,494,54,429.633,166.352,854,48,332-128,688-88V292H-48Z\"\/>\n\t\t\t\t\t\t\t<path style=\"fill:#ffffff\" d=\"M-84,145S266.435,11.367,896,180c224,60,413,97,798-20l2,96H-60Z\"\/>\n\t\t\t\t\t\t<\/svg><\/div><\/div>[\/vc_column][\/vc_row][vc_row][vc_column]<div class=\"cz_gap clr  hide_on_mobile\" style=\"height: 70px\"><\/div><div class=\"cz_gap show_on_mobile clr\" style=\"height: 120px\"><\/div><div class=\"cz_eqh cz_content_box_parent_fx  \"><div id=\"cz_96661\" class=\"cz_96661 cz_content_box clr\"><div class=\"cz_box_front clr\"><div class=\"cz_box_front_inner clr \"><span><\/span><div><div id=\"cz_81151\" class=\"cz_81151 cz_cf7 clr\"><div>\n<div class=\"wpcf7 no-js\" id=\"wpcf7-f1373-o1\" lang=\"fr-FR\" dir=\"ltr\">\n<div class=\"screen-reader-response\"><p role=\"status\" aria-live=\"polite\" aria-atomic=\"true\"><\/p> <ul><\/ul><\/div>\n<form action=\"\/index.php?rest_route=%2Fwp%2Fv2%2Fpages%2F907#wpcf7-f1373-o1\" method=\"post\" class=\"wpcf7-form init\" aria-label=\"Formulaire de contact\" novalidate=\"novalidate\" data-status=\"init\">\n<div style=\"display: none;\">\n<input type=\"hidden\" name=\"_wpcf7\" value=\"1373\" \/>\n<input type=\"hidden\" name=\"_wpcf7_version\" value=\"5.9.6\" \/>\n<input type=\"hidden\" name=\"_wpcf7_locale\" value=\"fr_FR\" \/>\n<input type=\"hidden\" name=\"_wpcf7_unit_tag\" value=\"wpcf7-f1373-o1\" \/>\n<input type=\"hidden\" name=\"_wpcf7_container_post\" value=\"0\" \/>\n<input type=\"hidden\" name=\"_wpcf7_posted_data_hash\" value=\"\" \/>\n<\/div>\n<p><label>Votre Email<\/label><span class=\"wpcf7-form-control-wrap\" data-name=\"your-email\"><input size=\"40\" maxlength=\"80\" class=\"wpcf7-form-control wpcf7-email wpcf7-validates-as-required wpcf7-text wpcf7-validates-as-email\" aria-required=\"true\" aria-invalid=\"false\" placeholder=\"Adresse Email ...\" value=\"\" type=\"email\" name=\"your-email\" \/><\/span>\n<\/p>\n<p><label>Arriv\u00e9e<\/label><span class=\"wpcf7-form-control-wrap\" data-name=\"date-752\"><input class=\"wpcf7-form-control wpcf7-date wpcf7-validates-as-required wpcf7-validates-as-date\" aria-required=\"true\" aria-invalid=\"false\" value=\"\" type=\"date\" name=\"date-752\" \/><\/span>\n<\/p>\n<p><label>D\u00e9part<\/label><span class=\"wpcf7-form-control-wrap\" data-name=\"date-753\"><input class=\"wpcf7-form-control wpcf7-date wpcf7-validates-as-required wpcf7-validates-as-date\" aria-required=\"true\" aria-invalid=\"false\" value=\"\" type=\"date\" name=\"date-753\" \/><\/span>\n<\/p>\n<p><label>Adultes<\/label><span class=\"wpcf7-form-control-wrap\" data-name=\"menu-986\"><select class=\"wpcf7-form-control wpcf7-select wpcf7-validates-as-required\" aria-required=\"true\" aria-invalid=\"false\" name=\"menu-986\"><option value=\"1\">1<\/option><option value=\"2\">2<\/option><option value=\"3\">3<\/option><option value=\"4\">4<\/option><\/select><\/span>\n<\/p>\n<p><label>Enfants<\/label><span class=\"wpcf7-form-control-wrap\" data-name=\"menu-987\"><select class=\"wpcf7-form-control wpcf7-select\" aria-invalid=\"false\" name=\"menu-987\"><option value=\"0\">0<\/option><option value=\"1\">1<\/option><option value=\"2\">2<\/option><option value=\"3\">3<\/option><option value=\"4\">4<\/option><\/select><\/span>\n<\/p>\n<p><input class=\"wpcf7-form-control wpcf7-submit has-spinner\" type=\"submit\" value=\"R\u00e9server\" \/>\n<\/p><div class=\"wpcf7-response-output\" aria-hidden=\"true\"><\/div>\n<\/form>\n<\/div>\n<\/div><\/div><\/div><\/div><\/div><\/div><\/div><div class=\"cz_gap clr  hide_on_mobile\" style=\"height: 70px\"><\/div><div class=\"cz_gap show_on_mobile clr\" style=\"height: 120px\"><\/div><div id=\"cz_58410\" class=\"cz_58410 cz_title clr cz_smart_fs cz_mobile_text_center cz_title_pos_inline tac\"><div class=\"cz_title_shape shape_square cz_shape_1\"><\/div><div class=\"cz_title_shape shape_square cz_shape_2\"><\/div><div class=\"cz_title_content\"><div class=\"cz_wpe_content\"><h3 style=\"text-align: center;\"><span style=\"font-weight: 300;\">POURQUOI CHOISIR<br \/>\n<\/span><\/h3>\n<p>&nbsp;<\/p>\n<p>&nbsp;<\/p>\n<h2 style=\"text-align: center;\"><span style=\"color: #00467a; font-weight: bold;\">COAST HOTEL<br \/>\n<\/span><\/h2>\n<\/div><\/div><\/div><div class=\"cz_gap clr  hide_on_mobile\" style=\"height: 50px\"><\/div><div class=\"cz_gap show_on_mobile clr\" style=\"height: 70px\"><\/div>[\/vc_column][\/vc_row][vc_row][vc_column]<div id=\"cz_13727\" class=\"cz_13727 cz_tabs clr cz_tabs_htl\"><div class=\"cz_tabs_content\"><a class=\"cz_tab_a hide\" data-tab=\"cz_50402\" href=\"#\"><i class=\"cz_tab_image  mr8\"><img decoding=\"async\" class=\"\" src=\"https:\/\/coasthotel.dz\/wp-content\/uploads\/2023\/10\/restaurant-90x90.png\" width=\"90\" height=\"90\" alt=\"restaurant\" title=\"restaurant\" loading=\"lazy\" \/><\/i><span class=\"cz_tab_in_title\">RESTAURATION<\/span><\/a><div id=\"cz_50402\" class=\"cz_tab\"><div><div class=\"cz_gap clr \" style=\"height: 30px\"><\/div>[vc_row_inner][vc_column_inner width=\u00a0\u00bb1\/2&Prime;]<div id=\"cz_56212\" class=\"cz_56212 cz_image clr cz_image_no_fx center_on_mobile\"><div class=\"\" ><div class=\"cz_image_in\"><div class=\"cz_main_image\"><img decoding=\"async\" width=\"200\" height=\"300\" src=\"https:\/\/coasthotel.dz\/wp-content\/uploads\/2023\/10\/5Q5A1905.resized-200x300.jpg\" class=\"attachment-medium\" alt=\"\" title=\"5Q5A1905.resized\" srcset=\"https:\/\/coasthotel.dz\/wp-content\/uploads\/2023\/10\/5Q5A1905.resized-200x300.jpg 200w, https:\/\/coasthotel.dz\/wp-content\/uploads\/2023\/10\/5Q5A1905.resized-600x900.jpg 600w, https:\/\/coasthotel.dz\/wp-content\/uploads\/2023\/10\/5Q5A1905.resized.jpg 667w\" sizes=\"(max-width: 200px) 100vw, 200px\" \/><\/div><\/div><\/div><\/div>[\/vc_column_inner][vc_column_inner width=\u00a0\u00bb1\/2&Prime;]<div class=\"cz_gap clr \" style=\"height: 20px\"><\/div><div id=\"cz_54337\" class=\"cz_54337 cz_title clr cz_smart_fs cz_mobile_text_center cz_title_pos_inline\"><div class=\"cz_title_shape shape_square cz_shape_2\"><\/div><div class=\"cz_title_content\"><div class=\"cz_wpe_content\"><h3 style=\"text-align: left;\"><span style=\"font-weight: 300;\">LES P\u00c9PITES<br \/>\n<\/span><\/h3>\n<p>&nbsp;<\/p>\n<h2 style=\"text-align: left;\"><span style=\"color: #00467a; font-weight: bold;\">DU CHEF<br \/>\n<\/span><\/h2>\n<\/div><\/div><\/div><div class=\"cz_gap clr \" style=\"height: 30px\"><\/div><div id=\"cz_33800\" class=\"cz_33800 cz_title clr cz_title_pos_inline\"><div class=\"cz_title_content\"><div class=\"cz_wpe_content\"><p><span style=\"color: #00467a;\">Le restaurant vous propose chaque jour un magnifique buffet compos\u00e9 de diff\u00e9rents plats raffin\u00e9s inspir\u00e9s par la M\u00e9diterran\u00e9e renforc\u00e9s par une touche typiquement alg\u00e9rienne. Il vous propose des menus de saison \u00e9labor\u00e9s tous \u00e0 partir de produits frais.<br \/>\n<\/span><\/p>\n<\/div><\/div><\/div>[\/vc_column_inner][\/vc_row_inner]<\/div><\/div><a class=\"cz_tab_a hide\" data-tab=\"cz_25517\" href=\"#\"><i class=\"cz_tab_image  mr8\"><img decoding=\"async\" class=\"\" src=\"https:\/\/coasthotel.dz\/wp-content\/uploads\/2023\/10\/hotel-90x90.png\" width=\"90\" height=\"90\" alt=\"hotel\" title=\"hotel\" loading=\"lazy\" \/><\/i><span class=\"cz_tab_in_title\">H\u00c9BERGEMENT<\/span><\/a><div id=\"cz_25517\" class=\"cz_tab\"><div><div class=\"cz_gap clr \" style=\"height: 30px\"><\/div>[vc_row_inner][vc_column_inner width=\u00a0\u00bb2\/3&Prime;]<div class=\"cz_gap clr \" style=\"height: 50px\"><\/div><div id=\"cz_78074\" class=\"cz_78074 cz_title clr cz_smart_fs cz_mobile_text_center cz_title_pos_inline\"><div class=\"cz_title_shape shape_square cz_shape_2\"><\/div><div class=\"cz_title_content\"><div class=\"cz_wpe_content\"><h3 style=\"text-align: left;\"><span style=\"font-weight: 300;\">LE CONFORT<br \/>\n<\/span><\/h3>\n<p>&nbsp;<\/p>\n<h2 style=\"text-align: left;\"><span style=\"color: #00467a; font-weight: bold;\">ET LE LUXE<br \/>\n<\/span><\/h2>\n<\/div><\/div><\/div><div class=\"cz_gap clr \" style=\"height: 30px\"><\/div><div id=\"cz_102484\" class=\"cz_102484 cz_title clr cz_title_pos_inline\"><div class=\"cz_title_content\"><div class=\"cz_wpe_content\"><p><span style=\"color: #00467a;\">Des chambres Singles, Doubles, Suites Junior et Suites Senior pour satisfaire vos besoins.<br \/>\n<\/span><\/p>\n<\/div><\/div><\/div><div class=\"cz_gap clr \" style=\"height: 40px\"><\/div><ul id=\"cz_106397\" class=\"cz_106397 cz_stylish_list clr cz_sl_icon_hover_zoom_in\"><li class=\"clr\"><div class=\"cz_sl_icon\"><i class=\"fa czico-202-checked-1 mr10\" ><\/i><\/div><div><span>Douche ou Baignoire<\/span><\/div><\/li><li class=\"clr\"><div class=\"cz_sl_icon\"><i class=\"fa czico-202-checked-1 mr10\" ><\/i><\/div><div><span>Bureau<\/span><\/div><\/li><li class=\"clr\"><div class=\"cz_sl_icon\"><i class=\"fa czico-202-checked-1 mr10\" ><\/i><\/div><div><span>T\u00e9l\u00e9 satellite<\/span><\/div><\/li><li class=\"clr\"><div class=\"cz_sl_icon\"><i class=\"fa czico-202-checked-1 mr10\" ><\/i><\/div><div><span>Coffre fort<\/span><\/div><\/li><li class=\"clr\"><div class=\"cz_sl_icon\"><i class=\"fa czico-202-checked-1 mr10\" ><\/i><\/div><div><span>Mini-Bar<\/span><\/div><\/li><li class=\"clr\"><div class=\"cz_sl_icon\"><i class=\"fa czico-202-checked-1 mr10\" ><\/i><\/div><div><span>Air conditionn\u00e9<\/span><\/div><\/li><\/ul><div class=\"cz_gap clr \" style=\"height: 40px\"><\/div><div class=\"cz_btn_left cz_mobile_btn_center\"><div class=\"cz_49247_p\"><a id=\"cz_49247\" class=\"cz_49247 cz_btn cz_btn_txt_no_fx cz_btn_zoom_in cz_btn_icon_after\" href=\"https:\/\/coasthotel.dz\/?page_id=1435\" title=\"Contact\"><span><strong>SAVOIR PLUS<\/strong><i class=\"fa czico-132-arrows-8\"><\/i><\/span><b class=\"cz_btn_onhover\"><strong>SAVOIR PLUS<\/strong><i class=\"fa czico-132-arrows-8\"><\/i><\/b><\/a><\/div><\/div><div class=\"clr\"><\/div>[\/vc_column_inner][vc_column_inner width=\u00a0\u00bb1\/3&Prime;]<div id=\"cz_82186\" class=\"cz_82186 cz_image clr cz_image_no_fx center_on_mobile\"><div class=\"\" ><div class=\"cz_image_in\" data-tilt><div class=\"cz_main_image\"><img decoding=\"async\" width=\"2500\" height=\"1668\" src=\"https:\/\/coasthotel.dz\/wp-content\/uploads\/2023\/10\/5Q5A2632-Edit.resized.jpg\" class=\"attachment-full\" alt=\"\" title=\"5Q5A2632-Edit.resized\" srcset=\"https:\/\/coasthotel.dz\/wp-content\/uploads\/2023\/10\/5Q5A2632-Edit.resized.jpg 2500w, https:\/\/coasthotel.dz\/wp-content\/uploads\/2023\/10\/5Q5A2632-Edit.resized-300x200.jpg 300w, https:\/\/coasthotel.dz\/wp-content\/uploads\/2023\/10\/5Q5A2632-Edit.resized-1024x683.jpg 1024w, https:\/\/coasthotel.dz\/wp-content\/uploads\/2023\/10\/5Q5A2632-Edit.resized-768x512.jpg 768w, https:\/\/coasthotel.dz\/wp-content\/uploads\/2023\/10\/5Q5A2632-Edit.resized-1536x1025.jpg 1536w, https:\/\/coasthotel.dz\/wp-content\/uploads\/2023\/10\/5Q5A2632-Edit.resized-2048x1366.jpg 2048w, https:\/\/coasthotel.dz\/wp-content\/uploads\/2023\/10\/5Q5A2632-Edit.resized-600x400.jpg 600w\" sizes=\"(max-width: 2500px) 100vw, 2500px\" \/><\/div><\/div><\/div><\/div>[\/vc_column_inner][\/vc_row_inner]<\/div><\/div><a class=\"cz_tab_a hide\" data-tab=\"cz_42802\" href=\"#\"><i class=\"cz_tab_image  mr8\"><img decoding=\"async\" class=\"\" src=\"https:\/\/coasthotel.dz\/wp-content\/uploads\/2023\/10\/room-service-90x90.png\" width=\"90\" height=\"90\" alt=\"room-service\" title=\"room-service\" loading=\"lazy\" \/><\/i><span class=\"cz_tab_in_title\">COMMODIT\u00c9S<\/span><\/a><div id=\"cz_42802\" class=\"cz_tab\"><div><div class=\"cz_gap clr \" style=\"height: 30px\"><\/div>[vc_row_inner][vc_column_inner width=\u00a0\u00bb1\/2&Prime;]<div class=\"clr cz_parallax_v_-3\"><div id=\"cz_50808\" class=\"cz_50808 cz_image clr cz_image_no_fx center_on_mobile\"><div class=\"\" ><div class=\"cz_image_in\"><div class=\"cz_main_image\"><img decoding=\"async\" width=\"2500\" height=\"1668\" src=\"https:\/\/coasthotel.dz\/wp-content\/uploads\/2023\/10\/5Q5A1776-HDR.resized.jpg\" class=\"attachment-full\" alt=\"\" title=\"5Q5A1776-HDR.resized\" srcset=\"https:\/\/coasthotel.dz\/wp-content\/uploads\/2023\/10\/5Q5A1776-HDR.resized.jpg 2500w, https:\/\/coasthotel.dz\/wp-content\/uploads\/2023\/10\/5Q5A1776-HDR.resized-300x200.jpg 300w, https:\/\/coasthotel.dz\/wp-content\/uploads\/2023\/10\/5Q5A1776-HDR.resized-1024x683.jpg 1024w, https:\/\/coasthotel.dz\/wp-content\/uploads\/2023\/10\/5Q5A1776-HDR.resized-768x512.jpg 768w, https:\/\/coasthotel.dz\/wp-content\/uploads\/2023\/10\/5Q5A1776-HDR.resized-1536x1025.jpg 1536w, https:\/\/coasthotel.dz\/wp-content\/uploads\/2023\/10\/5Q5A1776-HDR.resized-2048x1366.jpg 2048w, https:\/\/coasthotel.dz\/wp-content\/uploads\/2023\/10\/5Q5A1776-HDR.resized-600x400.jpg 600w\" sizes=\"(max-width: 2500px) 100vw, 2500px\" \/><\/div><\/div><\/div><\/div><\/div><div class=\"clr cz_parallax_v_5\"><div class=\"cz_free_position_element hide_on_mobile\" style=\"top:85.88837990728217%;left:33.74045801526718%;\"><div><div id=\"cz_66939\" class=\"cz_66939 cz_image clr cz_image_no_fx center_on_mobile\"><div class=\"\" ><div class=\"cz_image_in\"><div class=\"cz_main_image\"><img decoding=\"async\" width=\"1000\" height=\"667\" src=\"https:\/\/coasthotel.dz\/wp-content\/uploads\/2023\/10\/5Q5A1879.resized.jpg\" class=\"attachment-large\" alt=\"\" title=\"5Q5A1879.resized\" srcset=\"https:\/\/coasthotel.dz\/wp-content\/uploads\/2023\/10\/5Q5A1879.resized.jpg 1000w, https:\/\/coasthotel.dz\/wp-content\/uploads\/2023\/10\/5Q5A1879.resized-300x200.jpg 300w, https:\/\/coasthotel.dz\/wp-content\/uploads\/2023\/10\/5Q5A1879.resized-768x512.jpg 768w, https:\/\/coasthotel.dz\/wp-content\/uploads\/2023\/10\/5Q5A1879.resized-600x400.jpg 600w\" sizes=\"(max-width: 1000px) 100vw, 1000px\" \/><\/div><\/div><\/div><\/div><\/div><\/div><\/div>[\/vc_column_inner][vc_column_inner width=\u00a0\u00bb1\/2&Prime;]<div class=\"cz_gap clr \" style=\"height: 130px\"><\/div><div class=\"cz_eqh cz_content_box_parent_fx  \"><div id=\"cz_38325\" class=\"cz_38325 cz_content_box clr\"><div class=\"cz_box_front clr\"><div class=\"cz_box_front_inner clr \"><span><\/span><div><ul id=\"cz_50211\" class=\"cz_50211 cz_stylish_list clr cz_sl_icon_hover_push_in\"><li class=\"clr\"><div class=\"cz_sl_icon cz_sl_image\"><i class=\"mr10\"><img decoding=\"async\" width=\"512\" height=\"512\" src=\"https:\/\/coasthotel.dz\/wp-content\/uploads\/2023\/10\/meeting-room.png\" class=\"attachment-full\" alt=\"\" title=\"meeting-room\" srcset=\"https:\/\/coasthotel.dz\/wp-content\/uploads\/2023\/10\/meeting-room.png 512w, https:\/\/coasthotel.dz\/wp-content\/uploads\/2023\/10\/meeting-room-300x300.png 300w, https:\/\/coasthotel.dz\/wp-content\/uploads\/2023\/10\/meeting-room-150x150.png 150w\" sizes=\"(max-width: 512px) 100vw, 512px\" \/><\/i><\/div><div><span>Salle de r\u00e9unions<\/span><\/div><\/li><li class=\"clr\"><div class=\"cz_sl_icon cz_sl_image\"><i class=\"mr10\"><img decoding=\"async\" width=\"512\" height=\"512\" src=\"https:\/\/coasthotel.dz\/wp-content\/uploads\/2023\/10\/terrace.png\" class=\"attachment-full\" alt=\"\" title=\"terrace\" srcset=\"https:\/\/coasthotel.dz\/wp-content\/uploads\/2023\/10\/terrace.png 512w, https:\/\/coasthotel.dz\/wp-content\/uploads\/2023\/10\/terrace-300x300.png 300w, https:\/\/coasthotel.dz\/wp-content\/uploads\/2023\/10\/terrace-150x150.png 150w\" sizes=\"(max-width: 512px) 100vw, 512px\" \/><\/i><\/div><div><span>Terrasse<\/span><\/div><\/li><li class=\"clr\"><div class=\"cz_sl_icon cz_sl_image\"><i class=\"mr10\"><img decoding=\"async\" width=\"512\" height=\"512\" src=\"https:\/\/coasthotel.dz\/wp-content\/uploads\/2023\/10\/coffee-break.png\" class=\"attachment-full\" alt=\"\" title=\"coffee-break\" srcset=\"https:\/\/coasthotel.dz\/wp-content\/uploads\/2023\/10\/coffee-break.png 512w, https:\/\/coasthotel.dz\/wp-content\/uploads\/2023\/10\/coffee-break-300x300.png 300w, https:\/\/coasthotel.dz\/wp-content\/uploads\/2023\/10\/coffee-break-150x150.png 150w\" sizes=\"(max-width: 512px) 100vw, 512px\" \/><\/i><\/div><div><span>Caf\u00e9teria<\/span><\/div><\/li><li class=\"clr\"><div class=\"cz_sl_icon cz_sl_image\"><i class=\"mr10\"><img decoding=\"async\" width=\"512\" height=\"512\" src=\"https:\/\/coasthotel.dz\/wp-content\/uploads\/2023\/10\/lounge.png\" class=\"attachment-full\" alt=\"\" title=\"lounge\" srcset=\"https:\/\/coasthotel.dz\/wp-content\/uploads\/2023\/10\/lounge.png 512w, https:\/\/coasthotel.dz\/wp-content\/uploads\/2023\/10\/lounge-300x300.png 300w, https:\/\/coasthotel.dz\/wp-content\/uploads\/2023\/10\/lounge-150x150.png 150w\" sizes=\"(max-width: 512px) 100vw, 512px\" \/><\/i><\/div><div><span>Lounge<\/span><\/div><\/li><\/ul><\/div><\/div><\/div><\/div><\/div>[\/vc_column_inner][\/vc_row_inner]<\/div><\/div><a class=\"cz_tab_a hide\" data-tab=\"cz_46865\" href=\"#\"><i class=\"cz_tab_image  mr8\"><img decoding=\"async\" class=\"\" src=\"https:\/\/coasthotel.dz\/wp-content\/uploads\/2023\/10\/location-90x90.png\" width=\"90\" height=\"90\" alt=\"location\" title=\"location\" loading=\"lazy\" \/><\/i><span class=\"cz_tab_in_title\">EMPLACEMENT<\/span><\/a><div id=\"cz_46865\" class=\"cz_tab\"><div><div class=\"cz_gap clr \" style=\"height: 30px\"><\/div>[vc_row_inner][vc_column_inner width=\u00a0\u00bb1\/2&Prime;]<div id=\"cz_109371\" class=\"cz_109371 cz_image clr cz_image_no_fx center_on_mobile\"><div class=\"\" ><div class=\"cz_image_in\" data-tilt><div class=\"cz_main_image\"><img decoding=\"async\" width=\"2500\" height=\"1668\" src=\"https:\/\/coasthotel.dz\/wp-content\/uploads\/2023\/10\/5Q5A2078-HDR-2.resized.jpg\" class=\"attachment-full\" alt=\"\" title=\"5Q5A2078-HDR-2.resized\" srcset=\"https:\/\/coasthotel.dz\/wp-content\/uploads\/2023\/10\/5Q5A2078-HDR-2.resized.jpg 2500w, https:\/\/coasthotel.dz\/wp-content\/uploads\/2023\/10\/5Q5A2078-HDR-2.resized-300x200.jpg 300w, https:\/\/coasthotel.dz\/wp-content\/uploads\/2023\/10\/5Q5A2078-HDR-2.resized-1024x683.jpg 1024w, https:\/\/coasthotel.dz\/wp-content\/uploads\/2023\/10\/5Q5A2078-HDR-2.resized-768x512.jpg 768w, https:\/\/coasthotel.dz\/wp-content\/uploads\/2023\/10\/5Q5A2078-HDR-2.resized-1536x1025.jpg 1536w, https:\/\/coasthotel.dz\/wp-content\/uploads\/2023\/10\/5Q5A2078-HDR-2.resized-2048x1366.jpg 2048w, https:\/\/coasthotel.dz\/wp-content\/uploads\/2023\/10\/5Q5A2078-HDR-2.resized-600x400.jpg 600w\" sizes=\"(max-width: 2500px) 100vw, 2500px\" \/><\/div><\/div><\/div><\/div>[\/vc_column_inner][vc_column_inner width=\u00a0\u00bb1\/2&Prime;]<div id=\"cz_63644\" class=\"cz_63644 cz_title clr cz_mobile_text_center cz_title_pos_inline\"><div class=\"cz_title_content\"><div class=\"cz_wpe_content\"><p><span style=\"color: #00467a;\">Alliant luxe, confort et raffinement, Coast Hotel est une escale exceptionnelle. Con\u00e7u comme une r\u00e9sidence priv\u00e9e o\u00f9 l\u2019on cultive la bonne vie .. Dans une ambiance exceptionnelle de convivialit\u00e9, un rendez-vous parfait avec \u00e9l\u00e9gance raffin\u00e9e pr\u00e8s du centre de la ville de Boumerdes.<br \/>\n<\/span><\/p>\n<p>&nbsp;<\/p>\n<p><span style=\"color: #00467a;\">L\u2019h\u00f4tel est situ\u00e9 au nord de la ville de Boumerdes, \u00e0 quelques minutes de la plage et \u00e0 proximit\u00e9 du centre ville, ce qui vous permet d&rsquo;acc\u00e9der facilement aux diff\u00e9rents emplacements de la ville.<br \/>\n<\/span><\/p>\n<\/div><\/div><\/div><div class=\"cz_gap clr \" style=\"height: 30px\"><\/div><div class=\"cz_btn_left cz_mobile_btn_center\"><div class=\"cz_85709_p\"><a id=\"cz_85709\" class=\"cz_85709 cz_btn cz_btn_txt_no_fx cz_btn_zoom_in cz_btn_icon_after\" href=\"https:\/\/coasthotel.dz\/?page_id=6\" title=\"A Propos\"><span><strong>SAVOIR PLUS<\/strong><i class=\"fa czico-132-arrows-8\"><\/i><\/span><b class=\"cz_btn_onhover\"><strong>SAVOIR PLUS<\/strong><i class=\"fa czico-132-arrows-8\"><\/i><\/b><\/a><\/div><\/div><div class=\"clr\"><\/div>[\/vc_column_inner][\/vc_row_inner]<\/div><\/div><\/div><\/div><div class=\"cz_gap clr \" style=\"height: 120px\"><\/div>[\/vc_column][\/vc_row][vc_row full_width=\u00a0\u00bbstretch_row\u00a0\u00bb css=\u00a0\u00bb.vc_custom_1696431104790{background-image: url(http:\/\/carthage-tech.net\/demo\/coast\/wp-content\/uploads\/sites\/77\/2023\/10\/fond2.png?id=1402) !important;background-position: 0 0 !important;background-repeat: no-repeat !important;}\u00a0\u00bb][vc_column]<div class=\"cz_gap clr \" style=\"height: 80px\"><\/div><div id=\"cz_51901\" class=\"cz_51901 cz_image clr cz_image_no_fx center_on_mobile\"><div class=\"\" ><div class=\"cz_image_in\"><div class=\"cz_main_image\"><img decoding=\"async\" width=\"1156\" height=\"944\" src=\"https:\/\/coasthotel.dz\/wp-content\/uploads\/2023\/10\/logo.png\" class=\"attachment-full\" alt=\"\" title=\"logo\" srcset=\"https:\/\/coasthotel.dz\/wp-content\/uploads\/2023\/10\/logo.png 1156w, https:\/\/coasthotel.dz\/wp-content\/uploads\/2023\/10\/logo-300x245.png 300w, https:\/\/coasthotel.dz\/wp-content\/uploads\/2023\/10\/logo-1024x836.png 1024w, https:\/\/coasthotel.dz\/wp-content\/uploads\/2023\/10\/logo-768x627.png 768w, https:\/\/coasthotel.dz\/wp-content\/uploads\/2023\/10\/logo-600x490.png 600w\" sizes=\"(max-width: 1156px) 100vw, 1156px\" \/><\/div><\/div><\/div><\/div><div class=\"cz_gap clr \" style=\"height: 120px\"><\/div>[vc_row_inner][vc_column_inner width=\u00a0\u00bb1\/3&Prime;]<div id=\"cz_108591\" class=\"cz_108591 cz_title clr cz_title_has_icon cz_title_pos_block tac\"><div class=\"cz_title_content\"><i class=\"cz_title_icon_before fa czico-092-phone-call-1\"><\/i><div class=\"cz_wpe_content\"><h3 style=\"text-align: center;\"><span style=\"color: #f89d28; font-size: 22px; font-weight: 500; text-shadow: 1px 1px 2px black;\">+213 (0)560 52 51 59<\/span><\/h3>\n<h3 style=\"text-align: center;\"><span style=\"color: #f89d28; font-size: 22px; font-weight: 500; text-shadow: 1px 1px 2px black;\">+213 (0)560 49 78 75<\/span><\/h3>\n<h3 style=\"text-align: center;\"><span style=\"color: #f89d28; font-size: 22px; font-weight: 500; text-shadow: 1px 1px 2px black;\">+213 (0)24 79 68 37<br \/>\n<\/span><\/h3>\n<\/div><\/div><\/div>[\/vc_column_inner][vc_column_inner width=\u00a0\u00bb1\/3&Prime;]<div id=\"cz_29217\" class=\"cz_29217 cz_title clr cz_title_has_icon cz_title_pos_block tac\"><div class=\"cz_title_content\"><i class=\"cz_title_icon_before fa czico-080-placeholder-3\"><\/i><div class=\"cz_wpe_content\"><h3 style=\"text-align: center;\"><span style=\"color: #f89d28; font-size: 22px; font-weight: 500; text-shadow: 1px 1px 2px black;\">Cit\u00e9 Aliliguia <\/span><br \/>\n<span style=\"color: #f89d28; font-size: 22px; font-weight: 500; text-shadow: 1px 1px 2px black;\">Boumerdes<\/span><\/h3>\n<\/div><\/div><\/div>[\/vc_column_inner][vc_column_inner width=\u00a0\u00bb1\/3&Prime;]<div id=\"cz_73396\" class=\"cz_73396 cz_title clr cz_title_has_icon cz_title_pos_block tac\"><div class=\"cz_title_content\"><i class=\"cz_title_icon_before fa czico-094-envelope\"><\/i><div class=\"cz_wpe_content\"><h3 style=\"text-align: center;\"><span style=\"color: #f89d28; font-size: 22px; font-weight: 500; text-shadow: 1px 1px 2px black;\">info@coasthotel-dz.com<\/span><\/h3>\n<\/div><\/div><\/div>[\/vc_column_inner][\/vc_row_inner]<div class=\"cz_gap clr \" style=\"height: 120px\"><\/div>[\/vc_column][\/vc_row]<\/p>\n<\/div>","protected":false},"excerpt":{"rendered":"<p>[vc_row full_width=\u00a0\u00bbstretch_row_content_no_spaces\u00a0\u00bb][vc_column][\/vc_column][\/vc_row][vc_row][vc_column][\/vc_column][\/vc_row][vc_row][vc_column][\/vc_column][\/vc_row][vc_row full_width=\u00a0\u00bbstretch_row\u00a0\u00bb css=\u00a0\u00bb.vc_custom_1696431104790{background-image: url(http:\/\/carthage-tech.net\/demo\/coast\/wp-content\/uploads\/sites\/77\/2023\/10\/fond2.png?id=1402) !important;background-position: 0 0 !important;background-repeat: no-repeat !important;}\u00a0\u00bb][vc_column][vc_row_inner][vc_column_inner &#8230; <\/p>\n","protected":false},"author":1,"featured_media":0,"parent":0,"menu_order":0,"comment_status":"closed","ping_status":"closed","template":"","meta":{"footnotes":""},"class_list":["post-907","page","type-page","status-publish","hentry"],"_links":{"self":[{"href":"https:\/\/coasthotel.dz\/index.php?rest_route=\/wp\/v2\/pages\/907","targetHints":{"allow":["GET"]}}],"collection":[{"href":"https:\/\/coasthotel.dz\/index.php?rest_route=\/wp\/v2\/pages"}],"about":[{"href":"https:\/\/coasthotel.dz\/index.php?rest_route=\/wp\/v2\/types\/page"}],"author":[{"embeddable":true,"href":"https:\/\/coasthotel.dz\/index.php?rest_route=\/wp\/v2\/users\/1"}],"replies":[{"embeddable":true,"href":"https:\/\/coasthotel.dz\/index.php?rest_route=%2Fwp%2Fv2%2Fcomments&post=907"}],"version-history":[{"count":3,"href":"https:\/\/coasthotel.dz\/index.php?rest_route=\/wp\/v2\/pages\/907\/revisions"}],"predecessor-version":[{"id":1670,"href":"https:\/\/coasthotel.dz\/index.php?rest_route=\/wp\/v2\/pages\/907\/revisions\/1670"}],"wp:attachment":[{"href":"https:\/\/coasthotel.dz\/index.php?rest_route=%2Fwp%2Fv2%2Fmedia&parent=907"}],"curies":[{"name":"wp","href":"https:\/\/api.w.org\/{rel}","templated":true}]}}